{"id":1041,"date":"2022-09-15T17:36:33","date_gmt":"2022-09-15T17:36:33","guid":{"rendered":"https:\/\/jardinsantacecilia.com.ar\/new\/?page_id=1041"},"modified":"2024-09-19T13:49:02","modified_gmt":"2024-09-19T13:49:02","slug":"inscripcion","status":"publish","type":"page","link":"https:\/\/jardinsantacecilia.com.ar\/new\/inscripcion\/","title":{"rendered":"Inscripci\u00f3n"},"content":{"rendered":"\t\t<div data-elementor-type=\"wp-page\" data-elementor-id=\"1041\" class=\"elementor elementor-1041\">\n\t\t\t\t\t\t<section class=\"elementor-section elementor-top-section elementor-element elementor-element-d4f77cd elementor-section-height-min-height elementor-section-boxed elementor-section-height-default elementor-section-items-middle\" data-id=\"d4f77cd\" data-element_type=\"section\" data-e-type=\"section\" id=\"Inscripcion\" data-settings=\"{&quot;background_background&quot;:&quot;classic&quot;}\">\n\t\t\t\t\t\t\t<div class=\"elementor-background-overlay\"><\/div>\n\t\t\t\t\t\t\t<div class=\"elementor-container elementor-column-gap-default\">\n\t\t\t\t\t<div class=\"elementor-column elementor-col-100 elementor-top-column elementor-element elementor-element-55fe455\" data-id=\"55fe455\" data-element_type=\"column\" data-e-type=\"column\">\n\t\t\t<div class=\"elementor-widget-wrap elementor-element-populated\">\n\t\t\t\t\t\t<div class=\"elementor-element elementor-element-a578c24 elementor-widget elementor-widget-heading\" data-id=\"a578c24\" data-element_type=\"widget\" data-e-type=\"widget\" data-widget_type=\"heading.default\">\n\t\t\t\t<div class=\"elementor-widget-container\">\n\t\t\t\t\t<h1 class=\"elementor-heading-title elementor-size-default\">Inscripci\u00f3n<\/h1>\t\t\t\t<\/div>\n\t\t\t\t<\/div>\n\t\t\t\t\t<\/div>\n\t\t<\/div>\n\t\t\t\t\t<\/div>\n\t\t<\/section>\n\t\t\t\t<section class=\"elementor-section elementor-top-section elementor-element elementor-element-7020ed2 elementor-section-stretched elementor-section-boxed elementor-section-height-default elementor-section-height-default\" data-id=\"7020ed2\" data-element_type=\"section\" data-e-type=\"section\" data-settings=\"{&quot;stretch_section&quot;:&quot;section-stretched&quot;,&quot;background_background&quot;:&quot;classic&quot;}\">\n\t\t\t\t\t\t<div class=\"elementor-container elementor-column-gap-default\">\n\t\t\t\t\t<div class=\"elementor-column elementor-col-100 elementor-top-column elementor-element elementor-element-a2cebeb\" data-id=\"a2cebeb\" data-element_type=\"column\" data-e-type=\"column\">\n\t\t\t<div class=\"elementor-widget-wrap elementor-element-populated\">\n\t\t\t\t\t\t<div class=\"elementor-element elementor-element-073fdd0 elementor-widget elementor-widget-heading\" data-id=\"073fdd0\" data-element_type=\"widget\" data-e-type=\"widget\" data-widget_type=\"heading.default\">\n\t\t\t\t<div class=\"elementor-widget-container\">\n\t\t\t\t\t<h2 class=\"elementor-heading-title elementor-size-default\">Muchas familias nos recomiendan<\/h2>\t\t\t\t<\/div>\n\t\t\t\t<\/div>\n\t\t\t\t<div class=\"elementor-element elementor-element-a44493b elementor-widget elementor-widget-shortcode\" data-id=\"a44493b\" data-element_type=\"widget\" data-e-type=\"widget\" data-widget_type=\"shortcode.default\">\n\t\t\t\t<div class=\"elementor-widget-container\">\n\t\t\t\t\t\t\t<div class=\"elementor-shortcode\"><pre class=\"ti-widget\" style=\"display: none\"><div class=\"ti-widget ti-goog ti-review-text-mode-readmore ti-text-align-left\" data-no-translation=\"true\" data-layout-id=\"15\" data-set-id=\"light-background\" data-pid=\"\" data-language=\"es\" data-version=\"2\" data-review-target-width=\"300\" data-pager-autoplay-timeout=\"6\" > <div class=\"ti-widget-container ti-col-3\"> <div class=\"ti-reviews-container\"> <div class=\"ti-controls\"> <div class=\"ti-next\" aria-label=\"Siguiente rese\u00f1a\" role=\"button\"><\/div> <div class=\"ti-prev\" aria-label=\"Rese\u00f1a anterior\" role=\"button\"><\/div> <\/div> <div class=\"ti-reviews-container-wrapper\">  <div data-empty=\"0\" class=\"ti-review-item source-Google ti-image-layout-thumbnail\" data-id=\"cfcd208495d565ef66e7dff9f98764da\" > <div class=\"ti-inner\"> <div class=\"ti-review-content\"> <span class=\"ti-stars\"><span class=\"ti-star f\"><\/span><span class=\"ti-star f\"><\/span><span class=\"ti-star f\"><\/span><span class=\"ti-star f\"><\/span><span class=\"ti-star f\"><\/span><\/span> <div class=\"ti-review-text-container ti-review-text\"><!-- R-CONTENT -->La verdad que los recomiendo much\u00edsimo. Los cuidan muy bien a los peques, mi hija entra y sale contenta.<!-- R-CONTENT --><\/div> <span class=\"ti-read-more\" data-container=\".ti-review-text\" data-collapse-text=\"Ocultar\" data-open-text=\"Leer m\u00e1s\" ><\/span> <\/div> <\/div> <div class=\"ti-review-header\"> <div class=\"ti-profile-img\"> <img decoding=\"async\" src=\"https:\/\/lh3.googleusercontent.com\/a\/ACg8ocKkkFUI_yijIdNZhqOXixF1oUrZmxV6udSu8-93KZ3WADS1qQ=w40-h40-c-rp-mo-br100\" srcset=\"https:\/\/lh3.googleusercontent.com\/a\/ACg8ocKkkFUI_yijIdNZhqOXixF1oUrZmxV6udSu8-93KZ3WADS1qQ=w80-h80-c-rp-mo-br100 2x\" alt=\"LAISA Ribeiro\" loading=\"lazy\" \/> <\/div> <div class=\"ti-profile-details\"> <div class=\"ti-name\"> LAISA Ribeiro <\/div> <div class=\"ti-date\">2024-07-30<\/div> <\/div> <\/div> <\/div>  <div data-empty=\"0\" class=\"ti-review-item source-Google ti-image-layout-thumbnail\" data-id=\"cfcd208495d565ef66e7dff9f98764da\" > <div class=\"ti-inner\"> <div class=\"ti-review-content\"> <span class=\"ti-stars\"><span class=\"ti-star f\"><\/span><span class=\"ti-star f\"><\/span><span class=\"ti-star f\"><\/span><span class=\"ti-star f\"><\/span><span class=\"ti-star e\"><\/span><\/span> <div class=\"ti-review-text-container ti-review-text\"><!-- R-CONTENT -->Consulta. El jard\u00edn es con vacante o lista de espera<!-- R-CONTENT --><\/div> <span class=\"ti-read-more\" data-container=\".ti-review-text\" data-collapse-text=\"Ocultar\" data-open-text=\"Leer m\u00e1s\" ><\/span> <\/div> <\/div> <div class=\"ti-review-header\"> <div class=\"ti-profile-img\"> <img decoding=\"async\" src=\"https:\/\/lh3.googleusercontent.com\/a-\/ALV-UjXIA9GpZy8gBfmOupsauzdrlGl5awJeWsBxcPik4ZzLpv04nBr_=w40-h40-c-rp-mo-br100\" srcset=\"https:\/\/lh3.googleusercontent.com\/a-\/ALV-UjXIA9GpZy8gBfmOupsauzdrlGl5awJeWsBxcPik4ZzLpv04nBr_=w80-h80-c-rp-mo-br100 2x\" alt=\"leonel giuliani\" loading=\"lazy\" \/> <\/div> <div class=\"ti-profile-details\"> <div class=\"ti-name\"> leonel giuliani <\/div> <div class=\"ti-date\">2024-05-29<\/div> <\/div> <\/div> <\/div>  <div data-empty=\"0\" class=\"ti-review-item source-Google ti-image-layout-thumbnail\" data-id=\"cfcd208495d565ef66e7dff9f98764da\" > <div class=\"ti-inner\"> <div class=\"ti-review-content\"> <span class=\"ti-stars\"><span class=\"ti-star f\"><\/span><span class=\"ti-star f\"><\/span><span class=\"ti-star f\"><\/span><span class=\"ti-star f\"><\/span><span class=\"ti-star f\"><\/span><\/span> <div class=\"ti-review-text-container ti-review-text\"><!-- R-CONTENT -->Amo este jardin. Fue la primer casa de nuestro principe y no pudo haber estado mejor. Las docentes y no docentes, el comedor!!! El menu!! Aman los nenes!! Y lo principal: el amor q le ponen a todo y que nuestro hijo salia feliz!! Gracias!!<!-- R-CONTENT --><\/div> <span class=\"ti-read-more\" data-container=\".ti-review-text\" data-collapse-text=\"Ocultar\" data-open-text=\"Leer m\u00e1s\" ><\/span> <\/div> <\/div> <div class=\"ti-review-header\"> <div class=\"ti-profile-img\"> <img decoding=\"async\" src=\"https:\/\/lh3.googleusercontent.com\/a\/ACg8ocLhAIFG6k31xgUdfsG8od10whaOXacNDvRQSVeZ-PVO09a3mPw=w40-h40-c-rp-mo-ba4-br100\" srcset=\"https:\/\/lh3.googleusercontent.com\/a\/ACg8ocLhAIFG6k31xgUdfsG8od10whaOXacNDvRQSVeZ-PVO09a3mPw=w80-h80-c-rp-mo-ba4-br100 2x\" alt=\"Mariano Furn\u00e9\" loading=\"lazy\" \/> <\/div> <div class=\"ti-profile-details\"> <div class=\"ti-name\"> Mariano Furn\u00e9 <\/div> <div class=\"ti-date\">2024-02-08<\/div> <\/div> <\/div> <\/div>  <div data-empty=\"0\" class=\"ti-review-item source-Google ti-image-layout-thumbnail\" data-id=\"cfcd208495d565ef66e7dff9f98764da\" > <div class=\"ti-inner\"> <div class=\"ti-review-content\"> <span class=\"ti-stars\"><span class=\"ti-star f\"><\/span><span class=\"ti-star f\"><\/span><span class=\"ti-star f\"><\/span><span class=\"ti-star f\"><\/span><span class=\"ti-star f\"><\/span><\/span> <div class=\"ti-review-text-container ti-review-text\"><!-- R-CONTENT -->El mejor jard\u00edn en todo sentido!!! Excelente!!!<!-- R-CONTENT --><\/div> <span class=\"ti-read-more\" data-container=\".ti-review-text\" data-collapse-text=\"Ocultar\" data-open-text=\"Leer m\u00e1s\" ><\/span> <\/div> <\/div> <div class=\"ti-review-header\"> <div class=\"ti-profile-img\"> <img decoding=\"async\" src=\"https:\/\/lh3.googleusercontent.com\/a\/ACg8ocJs0ah5zsirro949JtyvoRFNKG8Bfp04viLjkYtYmZ2YVcyoQ=w40-h40-c-rp-mo-ba4-br100\" srcset=\"https:\/\/lh3.googleusercontent.com\/a\/ACg8ocJs0ah5zsirro949JtyvoRFNKG8Bfp04viLjkYtYmZ2YVcyoQ=w80-h80-c-rp-mo-ba4-br100 2x\" alt=\"Roxana Gutierrez\" loading=\"lazy\" \/> <\/div> <div class=\"ti-profile-details\"> <div class=\"ti-name\"> Roxana Gutierrez <\/div> <div class=\"ti-date\">2024-02-08<\/div> <\/div> <\/div> <\/div>  <div data-empty=\"0\" class=\"ti-review-item source-Google ti-image-layout-thumbnail\" data-id=\"cfcd208495d565ef66e7dff9f98764da\" > <div class=\"ti-inner\"> <div class=\"ti-review-content\"> <span class=\"ti-stars\"><span class=\"ti-star f\"><\/span><span class=\"ti-star f\"><\/span><span class=\"ti-star f\"><\/span><span class=\"ti-star f\"><\/span><span class=\"ti-star f\"><\/span><\/span> <div class=\"ti-review-text-container ti-review-text\"><!-- R-CONTENT -->Hola buenas tardes me podr\u00e1n pasar n\u00famero para comunicarme por que el n\u00famero que brindan da siempre apagado<!-- R-CONTENT --><\/div> <span class=\"ti-read-more\" data-container=\".ti-review-text\" data-collapse-text=\"Ocultar\" data-open-text=\"Leer m\u00e1s\" ><\/span> <\/div> <\/div> <div class=\"ti-review-header\"> <div class=\"ti-profile-img\"> <img decoding=\"async\" src=\"https:\/\/lh3.googleusercontent.com\/a-\/ALV-UjW3vzDuf40rZ_IMV6I7-7-5Gp9VJVEqbdsdfxcVaz-DZGn2zVNq=w40-h40-c-rp-mo-br100\" srcset=\"https:\/\/lh3.googleusercontent.com\/a-\/ALV-UjW3vzDuf40rZ_IMV6I7-7-5Gp9VJVEqbdsdfxcVaz-DZGn2zVNq=w80-h80-c-rp-mo-br100 2x\" alt=\"Milva Dom\u00ednguez\" loading=\"lazy\" \/> <\/div> <div class=\"ti-profile-details\"> <div class=\"ti-name\"> Milva Dom\u00ednguez <\/div> <div class=\"ti-date\">2023-10-16<\/div> <\/div> <\/div> <\/div>  <div data-empty=\"0\" class=\"ti-review-item source-Google ti-image-layout-thumbnail\" data-id=\"cfcd208495d565ef66e7dff9f98764da\" > <div class=\"ti-inner\"> <div class=\"ti-review-content\"> <span class=\"ti-stars\"><span class=\"ti-star f\"><\/span><span class=\"ti-star f\"><\/span><span class=\"ti-star f\"><\/span><span class=\"ti-star f\"><\/span><span class=\"ti-star f\"><\/span><\/span> <div class=\"ti-review-text-container ti-review-text\"><!-- R-CONTENT -->Muy lindo para recorrer en familia<!-- R-CONTENT --><\/div> <span class=\"ti-read-more\" data-container=\".ti-review-text\" data-collapse-text=\"Ocultar\" data-open-text=\"Leer m\u00e1s\" ><\/span> <\/div> <\/div> <div class=\"ti-review-header\"> <div class=\"ti-profile-img\"> <img decoding=\"async\" src=\"https:\/\/lh3.googleusercontent.com\/a-\/ALV-UjWjgAyFNhIhK9Mo3aGqpEvDrd4-eAHE4a1_mm7tM2TndEi3ETughw=w40-h40-c-rp-mo-ba5-br100\" srcset=\"https:\/\/lh3.googleusercontent.com\/a-\/ALV-UjWjgAyFNhIhK9Mo3aGqpEvDrd4-eAHE4a1_mm7tM2TndEi3ETughw=w80-h80-c-rp-mo-ba5-br100 2x\" alt=\"Martin Loose\" loading=\"lazy\" \/> <\/div> <div class=\"ti-profile-details\"> <div class=\"ti-name\"> Martin Loose <\/div> <div class=\"ti-date\">2023-09-20<\/div> <\/div> <\/div> <\/div>  <div data-empty=\"1\" class=\"ti-review-item source-Google ti-image-layout-thumbnail\" data-id=\"cfcd208495d565ef66e7dff9f98764da\" > <div class=\"ti-inner\"> <div class=\"ti-review-content\"> <span class=\"ti-stars\"><span class=\"ti-star f\"><\/span><span class=\"ti-star f\"><\/span><span class=\"ti-star f\"><\/span><span class=\"ti-star f\"><\/span><span class=\"ti-star f\"><\/span><\/span> <div class=\"ti-review-text-container ti-review-text\"><!-- R-CONTENT --><!-- R-CONTENT --><\/div> <span class=\"ti-read-more\" data-container=\".ti-review-text\" data-collapse-text=\"Ocultar\" data-open-text=\"Leer m\u00e1s\" ><\/span> <\/div> <\/div> <div class=\"ti-review-header\"> <div class=\"ti-profile-img\"> <img decoding=\"async\" src=\"https:\/\/lh3.googleusercontent.com\/a\/ACg8ocLX7mlziHaWnN6-TA-qgnpksZManCUQAdttSHXFs2Sxx_xjxxI=w40-h40-c-rp-mo-ba4-br100\" srcset=\"https:\/\/lh3.googleusercontent.com\/a\/ACg8ocLX7mlziHaWnN6-TA-qgnpksZManCUQAdttSHXFs2Sxx_xjxxI=w80-h80-c-rp-mo-ba4-br100 2x\" alt=\"Lali F\" loading=\"lazy\" \/> <\/div> <div class=\"ti-profile-details\"> <div class=\"ti-name\"> Lali F <\/div> <div class=\"ti-date\">2023-06-01<\/div> <\/div> <\/div> <\/div>  <div data-empty=\"0\" class=\"ti-review-item source-Google ti-image-layout-thumbnail\" data-id=\"cfcd208495d565ef66e7dff9f98764da\" > <div class=\"ti-inner\"> <div class=\"ti-review-content\"> <span class=\"ti-stars\"><span class=\"ti-star f\"><\/span><span class=\"ti-star f\"><\/span><span class=\"ti-star f\"><\/span><span class=\"ti-star f\"><\/span><span class=\"ti-star f\"><\/span><\/span> <div class=\"ti-review-text-container ti-review-text\"><!-- R-CONTENT -->Excelente jard\u00edn con muy lindas propuestas para que los ni\u00f1os aprendan. Las maestras son unas genias.<!-- R-CONTENT --><\/div> <span class=\"ti-read-more\" data-container=\".ti-review-text\" data-collapse-text=\"Ocultar\" data-open-text=\"Leer m\u00e1s\" ><\/span> <\/div> <\/div> <div class=\"ti-review-header\"> <div class=\"ti-profile-img\"> <img decoding=\"async\" src=\"https:\/\/lh3.googleusercontent.com\/a-\/ALV-UjVLMrzJTGuZRsy6n3dZU2Ld5YZhZ0WE7RW8CsntIVzhYaHLLoqfqw=w40-h40-c-rp-mo-ba3-br100\" srcset=\"https:\/\/lh3.googleusercontent.com\/a-\/ALV-UjVLMrzJTGuZRsy6n3dZU2Ld5YZhZ0WE7RW8CsntIVzhYaHLLoqfqw=w80-h80-c-rp-mo-ba3-br100 2x\" alt=\"elizabeth donofrio\" loading=\"lazy\" \/> <\/div> <div class=\"ti-profile-details\"> <div class=\"ti-name\"> elizabeth donofrio <\/div> <div class=\"ti-date\">2023-03-28<\/div> <\/div> <\/div> <\/div>  <div data-empty=\"0\" class=\"ti-review-item source-Google ti-image-layout-thumbnail\" data-id=\"cfcd208495d565ef66e7dff9f98764da\" > <div class=\"ti-inner\"> <div class=\"ti-review-content\"> <span class=\"ti-stars\"><span class=\"ti-star f\"><\/span><span class=\"ti-star f\"><\/span><span class=\"ti-star f\"><\/span><span class=\"ti-star f\"><\/span><span class=\"ti-star f\"><\/span><\/span> <div class=\"ti-review-text-container ti-review-text\"><!-- R-CONTENT -->Hola queria saber si saben el precio para el 2023 salita de 3 por favor jornada completa<!-- R-CONTENT --><\/div> <span class=\"ti-read-more\" data-container=\".ti-review-text\" data-collapse-text=\"Ocultar\" data-open-text=\"Leer m\u00e1s\" ><\/span> <\/div> <\/div> <div class=\"ti-review-header\"> <div class=\"ti-profile-img\"> <img decoding=\"async\" src=\"https:\/\/lh3.googleusercontent.com\/a-\/ALV-UjWhSa0ihdslfi6Juka64avHnEyTuZ9ZYwLONHvbvVYm4XaouVma1g=w40-h40-c-rp-mo-br100\" srcset=\"https:\/\/lh3.googleusercontent.com\/a-\/ALV-UjWhSa0ihdslfi6Juka64avHnEyTuZ9ZYwLONHvbvVYm4XaouVma1g=w80-h80-c-rp-mo-br100 2x\" alt=\"Mariana Ferreyra\" loading=\"lazy\" \/> <\/div> <div class=\"ti-profile-details\"> <div class=\"ti-name\"> Mariana Ferreyra <\/div> <div class=\"ti-date\">2023-01-02<\/div> <\/div> <\/div> <\/div>  <\/div> <div class=\"ti-controls-line\"> <div class=\"dot\"><\/div> <\/div> <\/div>   <\/div> <\/div> <\/pre><\/div>\n\t\t\t\t\t\t<\/div>\n\t\t\t\t<\/div>\n\t\t\t\t\t<\/div>\n\t\t<\/div>\n\t\t\t\t\t<\/div>\n\t\t<\/section>\n\t\t\t\t<section class=\"elementor-section elementor-top-section elementor-element elementor-element-c7c7e1a elementor-section-boxed elementor-section-height-default elementor-section-height-default\" data-id=\"c7c7e1a\" data-element_type=\"section\" data-e-type=\"section\" data-settings=\"{&quot;background_background&quot;:&quot;classic&quot;}\">\n\t\t\t\t\t\t<div class=\"elementor-container elementor-column-gap-default\">\n\t\t\t\t\t<div class=\"elementor-column elementor-col-100 elementor-top-column elementor-element elementor-element-a11ee82\" data-id=\"a11ee82\" data-element_type=\"column\" data-e-type=\"column\" data-settings=\"{&quot;background_background&quot;:&quot;classic&quot;}\">\n\t\t\t<div class=\"elementor-widget-wrap elementor-element-populated\">\n\t\t\t\t\t\t<div class=\"elementor-element elementor-element-22163c8 elementor-widget elementor-widget-heading\" data-id=\"22163c8\" data-element_type=\"widget\" data-e-type=\"widget\" data-widget_type=\"heading.default\">\n\t\t\t\t<div class=\"elementor-widget-container\">\n\t\t\t\t\t<h2 class=\"elementor-heading-title elementor-size-default\">INSCRIPCI\u00d3N 2024\/2025\n<\/h2>\t\t\t\t<\/div>\n\t\t\t\t<\/div>\n\t\t\t\t<div class=\"elementor-element elementor-element-76bd804 elementor-widget elementor-widget-html\" data-id=\"76bd804\" data-element_type=\"widget\" data-e-type=\"widget\" data-widget_type=\"html.default\">\n\t\t\t\t<div class=\"elementor-widget-container\">\n\t\t\t\t\t<iframe src=\"https:\/\/docs.google.com\/forms\/d\/e\/1FAIpQLSfQW_vEoj-bqHsU7DXDRG2mVZQylI-obaD1WtH0lDYEDXgrfg\/viewform?embedded=true\" width=\"640\" height=\"1400\" frameborder=\"0\" marginheight=\"0\" marginwidth=\"0\">Cargando\u2026<\/iframe>\t\t\t\t<\/div>\n\t\t\t\t<\/div>\n\t\t\t\t<div class=\"elementor-element elementor-element-5e1bfd9 elementor-shape-circle elementor-widget__width-auto elementor-fixed elementor-grid-0 e-grid-align-center elementor-widget elementor-widget-social-icons\" data-id=\"5e1bfd9\" data-element_type=\"widget\" data-e-type=\"widget\" data-settings=\"{&quot;_position&quot;:&quot;fixed&quot;}\" data-widget_type=\"social-icons.default\">\n\t\t\t\t<div class=\"elementor-widget-container\">\n\t\t\t\t\t\t\t<div class=\"elementor-social-icons-wrapper elementor-grid\">\n\t\t\t\t\t\t\t<span class=\"elementor-grid-item\">\n\t\t\t\t\t<a class=\"elementor-icon elementor-social-icon elementor-social-icon-whatsapp elementor-repeater-item-ca9a957\" href=\"https:\/\/wa.me\/+5491169299255\" target=\"_blank\">\n\t\t\t\t\t\t<span class=\"elementor-screen-only\">Whatsapp<\/span>\n\t\t\t\t\t\t<i aria-hidden=\"true\" class=\"fab fa-whatsapp\"><\/i>\t\t\t\t\t<\/a>\n\t\t\t\t<\/span>\n\t\t\t\t\t<\/div>\n\t\t\t\t\t\t<\/div>\n\t\t\t\t<\/div>\n\t\t\t\t\t<\/div>\n\t\t<\/div>\n\t\t\t\t\t<\/div>\n\t\t<\/section>\n\t\t\t\t<\/div>\n\t\t","protected":false},"excerpt":{"rendered":"<p>Inscripci\u00f3n Muchas familias nos recomiendan INSCRIPCI\u00d3N 2024\/2025 Cargando\u2026 Whatsapp<\/p>\n","protected":false},"author":3,"featured_media":0,"parent":0,"menu_order":0,"comment_status":"closed","ping_status":"closed","template":"","meta":{"content-type":"","site-sidebar-layout":"no-sidebar","site-content-layout":"page-builder","ast-site-content-layout":"default","site-content-style":"default","site-sidebar-style":"default","ast-global-header-display":"","ast-banner-title-visibility":"","ast-main-header-display":"","ast-hfb-above-header-display":"","ast-hfb-below-header-display":"","ast-hfb-mobile-header-display":"","site-post-title":"disabled","ast-breadcrumbs-content":"","ast-featured-img":"disabled","footer-sml-layout":"","ast-disable-related-posts":"","theme-transparent-header-meta":"","adv-header-id-meta":"","stick-header-meta":"","header-above-stick-meta":"","header-main-stick-meta":"","header-below-stick-meta":"","astra-migrate-meta-layouts":"default","ast-page-background-enabled":"default","ast-page-background-meta":{"desktop":{"background-color":"","background-image":"","background-repeat":"repeat","background-position":"center center","background-size":"auto","background-attachment":"scroll","background-type":"","background-media":"","overlay-type":"","overlay-color":"","overlay-opacity":"","overlay-gradient":""},"tablet":{"background-color":"","background-image":"","background-repeat":"repeat","background-position":"center center","background-size":"auto","background-attachment":"scroll","background-type":"","background-media":"","overlay-type":"","overlay-color":"","overlay-opacity":"","overlay-gradient":""},"mobile":{"background-color":"","background-image":"","background-repeat":"repeat","background-position":"center center","background-size":"auto","background-attachment":"scroll","background-type":"","background-media":"","overlay-type":"","overlay-color":"","overlay-opacity":"","overlay-gradient":""}},"ast-content-background-meta":{"desktop":{"background-color":"var(--ast-global-color-5)","background-image":"","background-repeat":"repeat","background-position":"center center","background-size":"auto","background-attachment":"scroll","background-type":"","background-media":"","overlay-type":"","overlay-color":"","overlay-opacity":"","overlay-gradient":""},"tablet":{"background-color":"var(--ast-global-color-5)","background-image":"","background-repeat":"repeat","background-position":"center center","background-size":"auto","background-attachment":"scroll","background-type":"","background-media":"","overlay-type":"","overlay-color":"","overlay-opacity":"","overlay-gradient":""},"mobile":{"background-color":"var(--ast-global-color-5)","background-image":"","background-repeat":"repeat","background-position":"center center","background-size":"auto","background-attachment":"scroll","background-type":"","background-media":"","overlay-type":"","overlay-color":"","overlay-opacity":"","overlay-gradient":""}},"footnotes":""},"class_list":["post-1041","page","type-page","status-publish","hentry"],"jetpack_sharing_enabled":true,"_links":{"self":[{"href":"https:\/\/jardinsantacecilia.com.ar\/new\/wp-json\/wp\/v2\/pages\/1041","targetHints":{"allow":["GET"]}}],"collection":[{"href":"https:\/\/jardinsantacecilia.com.ar\/new\/wp-json\/wp\/v2\/pages"}],"about":[{"href":"https:\/\/jardinsantacecilia.com.ar\/new\/wp-json\/wp\/v2\/types\/page"}],"author":[{"embeddable":true,"href":"https:\/\/jardinsantacecilia.com.ar\/new\/wp-json\/wp\/v2\/users\/3"}],"replies":[{"embeddable":true,"href":"https:\/\/jardinsantacecilia.com.ar\/new\/wp-json\/wp\/v2\/comments?post=1041"}],"version-history":[{"count":81,"href":"https:\/\/jardinsantacecilia.com.ar\/new\/wp-json\/wp\/v2\/pages\/1041\/revisions"}],"predecessor-version":[{"id":1959,"href":"https:\/\/jardinsantacecilia.com.ar\/new\/wp-json\/wp\/v2\/pages\/1041\/revisions\/1959"}],"wp:attachment":[{"href":"https:\/\/jardinsantacecilia.com.ar\/new\/wp-json\/wp\/v2\/media?parent=1041"}],"curies":[{"name":"wp","href":"https:\/\/api.w.org\/{rel}","templated":true}]}}